{"id":209,"date":"2024-02-09T16:31:31","date_gmt":"2024-02-09T15:31:31","guid":{"rendered":"https:\/\/prre.agglo-larochelle.fr\/rdv\/?page_id=209"},"modified":"2024-02-09T16:31:31","modified_gmt":"2024-02-09T15:31:31","slug":"rendez-vous-copros","status":"publish","type":"page","link":"https:\/\/prre.agglo-larochelle.fr\/rdv\/rendez-vous-copros\/","title":{"rendered":"Rendez-vous copros"},"content":{"rendered":"\n<div class=\"main-block-w\">\r\n    <div class=\"appointment-box-wbk\">\r\n                    <div class=\"appointment-status-wrapper-w\">\r\n                <ul class=\"appointment-status-list-w\">\r\n                <\/ul>\r\n                <div class=\"circle-chart-wbk\" data-circle-color=\"#213f5b\" data-percent=\"25\"><span class=\"circle-chart-text-wbk\"><\/span><\/div>\r\n\r\n                <div class=\"appointment-status-text-mobile-wbk\">\r\n                    <p class=\"current-step-wbk\"><\/p>\r\n                    <p class=\"next-step-wbk\"><\/p>\r\n                <\/div>\r\n            <\/div>\r\n                <div class=\"appointment-content-wbk\">\r\n                            <form>\r\n                    <div class=\"appointment-content-scroll-wbk\" data-scrollbar=\"true\" tabindex=\"-1\"\r\n                        style=\"overflow: hidden; outline: none;\">\r\n                                                    <div class=\" appointment-content-screen-w appointment-content-screen-active-w \"  data-slug=\"date_time\" data-title=\"Date et horaire\" data-request=\"wbk_prepare_service_data\">\r\n                                        <select data-pricing-rules=\"[]\"\r\n            class=\"wbk-select wbk-input wbk_services wbk_services_hidden wbk_hidden\" name=\"service\">\r\n                                                            <option value=\"21\"\r\n                                    data-payable=\"false\"\r\n                                    data-multi-low-limit=\"\"\r\n                                    data-multi-limit=\"\"\r\n                                    data-consecutive=\"\">\r\n                                    Agence PRRE \u00e0 La Rochelle, 23 av. du g\u00e9n\u00e9ral de Gaulle pour les COPROPRIETES                                <\/option>\r\n                                            <\/select>\r\n\r\n            \r\n<div class=\"field-row-w wbk_date_picked_row  wbk_hidden  \">\r\n    <label>Rechercher un cr\u00e9neau le :<\/label>\r\n    <div class=\"styled-as-select-w\">\r\n        <input type=\"text\" class=\"input-text-w wbk_date wbk-input\" name=\"date_formated\"\r\n            placeholder=\"Choisir une date\">\r\n    <\/div>\r\n    <\/div>\r\n<label class=\"checkbox-row-w one-row-w mb-30-w mt-30-w wbk_hidden wbk_local_time_switcher wbl_local_time_switcher\">\r\n    <span class=\"checkbox-custom-w\">\r\n        <input type=\"checkbox\" class=\"wbk_local_time_checkbox\" value=\"true\" name=\"local_time_switcher\">\r\n        <span class=\"checkmark-w\"><\/span>\r\n    <\/span>\r\n    <span class=\"checkbox-text-w\">\r\n        <span\r\n            class=\"checkbox-title-w\">Votre heure locale<\/span>\r\n    <\/span>\r\n<\/label>\r\n\r\n<div class=\"wbk_limit_info\">\r\n\r\n<\/div>\r\n<ul class=\"details-list-w\">\r\n<\/ul>\r\n<select multiple class=\"wbk-input wbk_times wbk_hidden\" data-validation=\"must_have_items\"\r\n    data-validationmsg=\"Please, select timeslot(s)\"\r\n    style=\"display:block\" name=\"time\">\r\n<\/select>\r\n\r\n<select multiple class=\"wbk-input wbk_services_final wbk_hidden\" data-validation=\"must_have_items\"\r\n    data-validationmsg=\"Please, select timeslot(s)\"\r\n    style=\"display:block\" name=\"services[]\">\r\n<\/select>                            <\/div>\r\n                                                        <div class=\" appointment-content-screen-w\"  data-slug=\"form\" data-title=\"D\u00e9tails\" data-request=\"wbk_render_booking_form\">\r\n                                                            <\/div>\r\n                                                        <div class=\" appointment-content-screen-w\"  data-slug=\"final_screen\" data-title=\"\" data-request=\"wbk_book\">\r\n                                                            <\/div>\r\n                            \r\n                        <div class=\"scrollbar-track scrollbar-track-x show\" style=\"display: none;\">\r\n                            <div class=\"scrollbar-thumb scrollbar-thumb-x\"\r\n                                style=\"width: 480px; transform: translate3d(0px, 0px, 0px);\"><\/div>\r\n                        <\/div>\r\n                        <div class=\"scrollbar-track scrollbar-track-y show\" style=\"display: none;\">\r\n                            <div class=\"scrollbar-thumb scrollbar-thumb-y\"\r\n                                style=\"height: 500px; transform: translate3d(0px, 0px, 0px);\"><\/div>\r\n                        <\/div>\r\n                    <\/div><!-- \/.appointent-content-scroll-w -->\r\n\r\n                    <div class=\"button-block-wbk two-buttons-wbk\">\r\n                        <button type=\"button\" class=\"button-wbk button-prev-wbk\">Retour<\/button>\r\n                        <button type=\"button\" class=\"button-wbk button-next-wbk\">Suivant<span class=\"btn-ring-wbk\"><\/span><\/button>\r\n                    <\/div><!-- \/.button-block-wbk -->\r\n                    <div class=\"form-error-w\" style=\"display: none;\">\r\n                        <img decoding=\"async\" class=\"warning-img-w\" src=\"https:\/\/prre.agglo-larochelle.fr\/rdv\/wp-content\/plugins\/webba-booking\/public\/images\/error-icon.png\" alt=\"error\">\r\n                        <span class=\"form-error-message-w\"><\/span>\r\n                    <\/div>\r\n                <\/form>\r\n                    <\/div><!-- \/.appointment-content-wbk -->\r\n\r\n    <\/div>\r\n<\/div>\n","protected":false},"excerpt":{"rendered":"","protected":false},"author":1,"featured_media":0,"parent":0,"menu_order":0,"comment_status":"closed","ping_status":"closed","template":"","meta":{"footnotes":""},"class_list":["post-209","page","type-page","status-publish","hentry"],"_links":{"self":[{"href":"https:\/\/prre.agglo-larochelle.fr\/rdv\/wp-json\/wp\/v2\/pages\/209","targetHints":{"allow":["GET"]}}],"collection":[{"href":"https:\/\/prre.agglo-larochelle.fr\/rdv\/wp-json\/wp\/v2\/pages"}],"about":[{"href":"https:\/\/prre.agglo-larochelle.fr\/rdv\/wp-json\/wp\/v2\/types\/page"}],"author":[{"embeddable":true,"href":"https:\/\/prre.agglo-larochelle.fr\/rdv\/wp-json\/wp\/v2\/users\/1"}],"replies":[{"embeddable":true,"href":"https:\/\/prre.agglo-larochelle.fr\/rdv\/wp-json\/wp\/v2\/comments?post=209"}],"version-history":[{"count":1,"href":"https:\/\/prre.agglo-larochelle.fr\/rdv\/wp-json\/wp\/v2\/pages\/209\/revisions"}],"predecessor-version":[{"id":211,"href":"https:\/\/prre.agglo-larochelle.fr\/rdv\/wp-json\/wp\/v2\/pages\/209\/revisions\/211"}],"wp:attachment":[{"href":"https:\/\/prre.agglo-larochelle.fr\/rdv\/wp-json\/wp\/v2\/media?parent=209"}],"curies":[{"name":"wp","href":"https:\/\/api.w.org\/{rel}","templated":true}]}}